{"id":934,"date":"2025-02-04T14:42:46","date_gmt":"2025-02-04T13:42:46","guid":{"rendered":"http:\/\/derdivan.at\/?page_id=934"},"modified":"2025-02-04T14:42:46","modified_gmt":"2025-02-04T13:42:46","slug":"kurse","status":"publish","type":"page","link":"https:\/\/derdivan.at\/?page_id=934&lang=de","title":{"rendered":"Kurse"},"content":{"rendered":"<p><strong>Winterkurse- und Fr\u00fchlingskurse 2019 im DIVAN<\/strong>:\u00a0<u> February-March-April <\/u><\/p>\n<p>&nbsp;<\/p>\n<p><strong> <span style=\"color: #307faa;\">Unser Kursangebot <\/span><\/strong><\/p>\n<ul>\n<li><strong>Deutschkurse A1-C2*<\/strong> (Grammatik, Wortschatz, Sprechen, Lese- u. H\u00f6rverstehen)<\/li>\n<li><strong>Konversationskurs<\/strong> (ab Kursen f\u00fcr Niveaustufe B1)<\/li>\n<li><strong>Schreibtraining<\/strong> (ab Kursen f\u00fcr Niveaustufe B2)<\/li>\n<li><strong>Pr\u00fcfungsvorbereitung<\/strong> (\u00d6SD, \u00d6IF, EPD, diverse Aufnahmepr\u00fcfungen)<\/li>\n<\/ul>\n<p>&nbsp;<\/p>\n<p><u>*) <em>GER-Niveaustufen<\/em> (Gemeinsamer Europ\u00e4ischer Referenzrahmen f\u00fcr Sprachen)<\/u><\/p>\n<p>A1, A2: Grundstufe<\/p>\n<p>B1, B2: Mittelstufe<\/p>\n<p>C1, C2: Oberstufe<\/p>\n<p>&nbsp;<\/p>\n<p><strong><span style=\"color: #307faa;\">Kurszeiten<\/span><\/strong><\/p>\n<ul>\n<li><strong>Montag bis Freitag, 9:30 Uhr bis 13:30 Uhr<\/strong>: regul\u00e4re Kurszeiten<\/li>\n<li>Nachmittage, Abende und Wochenenden: spezielle Kurszeiten (nur auf Nachfrage)<\/li>\n<\/ul>\n<p><strong><span style=\"color: #307faa;\">Kurstypen und Preise<\/span><\/strong><\/p>\n<p>Eine <u>Kurseinheit<\/u> dauert \u00fcblicherweise <u>90 Minuten<\/u>, normale Kursdauer: <u>7 Wochen<\/u> (kann variieren!)<\/p>\n<table>\n<tbody>\n<tr>\n<td rowspan=\"2\"><strong>Kurstyp<\/strong><\/td>\n<td rowspan=\"2\"><strong>Kursgr\u00f6\u00dfe<\/strong><\/p>\n<p>&nbsp;<\/td>\n<td colspan=\"2\" rowspan=\"2\"><strong>Einheit<\/strong><\/p>\n<p><strong>\u00e0 90 Minuten<\/strong><\/td>\n<td colspan=\"3\"><strong>Kosten <\/strong>(pro TeilnehmerIn) f\u00fcr einen <strong>7-Wochen<\/strong>-Kurs<\/td>\n<\/tr>\n<tr>\n<td>1 x pro Woche<\/p>\n<p>&nbsp;<\/td>\n<td>2 x pro Woche<\/p>\n<p>&nbsp;<\/td>\n<td>3 x pro Woche<\/td>\n<\/tr>\n<tr>\n<td>STANDARD<\/td>\n<td>5 Studierende<\/td>\n<td colspan=\"2\">12 \u20ac<\/td>\n<td>84 \u20ac<\/td>\n<td>168 \u20ac<\/td>\n<td>252 \u20ac<\/td>\n<\/tr>\n<tr>\n<td>MINI<\/td>\n<td>3-4 Studierende<\/td>\n<td colspan=\"2\">18 \u20ac<\/td>\n<td>126 \u20ac<\/td>\n<td>252 \u20ac<\/td>\n<td>378 \u20ac<\/td>\n<\/tr>\n<tr>\n<td>DUO<\/td>\n<td>2 Studierende<\/td>\n<td colspan=\"2\">26 \u20ac<\/td>\n<td>182 \u20ac<\/td>\n<td>364 \u20ac<\/td>\n<td>546 \u20ac<\/td>\n<\/tr>\n<tr>\n<td rowspan=\"2\">Einzeltraining<\/p>\n<p>&nbsp;<\/td>\n<td colspan=\"2\">Kurseinheit <strong>60 Minuten<\/strong>: 36 \u20ac<\/td>\n<td colspan=\"4\">\u00a05 Termine: 180 \u20ac \/\/ 10 Termine: 360 \u20ac<\/td>\n<\/tr>\n<tr>\n<td colspan=\"2\">Kurseinheit <strong>90 Minuten<\/strong>: 54 \u20ac<\/td>\n<td colspan=\"4\">\u00a05 Termine: 270 \u20ac \/\/ 10 Termine: 540 \u20ac<\/td>\n<\/tr>\n<\/tbody>\n<\/table>\n<p>&nbsp;<\/p>\n<p><u>Wie viel kostet Ihr Deutschkurs? \u2013 Ein Beispiel<\/u><\/p>\n<p>Z.B.: \u201cMINI\u201d-Kurs (3-4 Studierende)<\/p>\n<p>2 Kurseinheiten \u00e0 90 Minuten pro Woche<\/p>\n<p>Kursdauer: 7 Wochen<\/p>\n<p>Preis pro Person: 252 Euro<\/p>\n<p>&nbsp;<\/p>\n<p><strong>&#8230; Interessiert? \u2013 Wir freuen uns, Sie beraten zu d\u00fcrfen! <\/strong><\/p>\n<ol>\n<li><strong>Erstkontakt<\/strong>: Einfach anrufen oder E-Mail schreiben: office@derdivan.at.<\/li>\n<li><strong>Gratis-Beratungsgespr\u00e4ch<\/strong>: Sie erz\u00e4hlen uns, wonach Sie suchen, und wir finden das ideale Angebot f\u00fcr Ihr individuelles Deutschtraining.<\/li>\n<li><strong>Organisation<\/strong>: Wir k\u00fcmmern uns darum, dass Ihr Kurs so bald wie m\u00f6glich startet! \ud83d\ude42<\/li>\n<\/ol>\n<p>&nbsp;<\/p>\n","protected":false},"excerpt":{"rendered":"<p>Winterkurse- und Fr\u00fchlingskurse 2019 im DIVAN:\u00a0 February-March-April &nbsp; Unser Kursangebot Deutschkurse A1-C2* (Grammatik, Wortschatz, Sprechen, Lese- u. H\u00f6rverstehen) Konversationskurs (ab Kursen f\u00fcr Niveaustufe B1) Schreibtraining (ab Kursen f\u00fcr Niveaustufe B2) Pr\u00fcfungsvorbereitung (\u00d6SD, \u00d6IF, EPD, diverse Aufnahmepr\u00fcfungen) &nbsp; *) GER-Niveaustufen (Gemeinsamer<\/p>\n","protected":false},"author":1,"featured_media":575,"parent":0,"menu_order":0,"comment_status":"closed","ping_status":"closed","template":"","meta":{"footnotes":""},"class_list":["post-934","page","type-page","status-publish","has-post-thumbnail","hentry"],"_links":{"self":[{"href":"https:\/\/derdivan.at\/index.php?rest_route=\/wp\/v2\/pages\/934"}],"collection":[{"href":"https:\/\/derdivan.at\/index.php?rest_route=\/wp\/v2\/pages"}],"about":[{"href":"https:\/\/derdivan.at\/index.php?rest_route=\/wp\/v2\/types\/page"}],"author":[{"embeddable":true,"href":"https:\/\/derdivan.at\/index.php?rest_route=\/wp\/v2\/users\/1"}],"replies":[{"embeddable":true,"href":"https:\/\/derdivan.at\/index.php?rest_route=%2Fwp%2Fv2%2Fcomments&post=934"}],"version-history":[{"count":8,"href":"https:\/\/derdivan.at\/index.php?rest_route=\/wp\/v2\/pages\/934\/revisions"}],"predecessor-version":[{"id":1066,"href":"https:\/\/derdivan.at\/index.php?rest_route=\/wp\/v2\/pages\/934\/revisions\/1066"}],"wp:featuredmedia":[{"embeddable":true,"href":"https:\/\/derdivan.at\/index.php?rest_route=\/wp\/v2\/media\/575"}],"wp:attachment":[{"href":"https:\/\/derdivan.at\/index.php?rest_route=%2Fwp%2Fv2%2Fmedia&parent=934"}],"curies":[{"name":"wp","href":"https:\/\/api.w.org\/{rel}","templated":true}]}}