{"id":617,"date":"2025-02-04T14:42:46","date_gmt":"2025-02-04T13:42:46","guid":{"rendered":"http:\/\/derdivan.at\/wordpress\/?page_id=617"},"modified":"2025-04-28T10:24:18","modified_gmt":"2025-04-28T09:24:18","slug":"staff","status":"publish","type":"page","link":"https:\/\/derdivan.at\/?page_id=617&lang=de","title":{"rendered":"Team"},"content":{"rendered":"\n<div class=\"wp-block-media-text is-stacked-on-mobile\" style=\"grid-template-columns:32% auto\"><figure class=\"wp-block-media-text__media\"><img loading=\"lazy\" decoding=\"async\" width=\"480\" height=\"480\" src=\"http:\/\/derdivan.at\/wp-content\/uploads\/2016\/05\/Iris-FB-Foto.jpg\" alt=\"\" class=\"wp-image-796 size-thumbnail\" srcset=\"https:\/\/derdivan.at\/wp-content\/uploads\/2016\/05\/Iris-FB-Foto.jpg 480w, https:\/\/derdivan.at\/wp-content\/uploads\/2016\/05\/Iris-FB-Foto-150x150.jpg 150w, https:\/\/derdivan.at\/wp-content\/uploads\/2016\/05\/Iris-FB-Foto-250x250.jpg 250w, https:\/\/derdivan.at\/wp-content\/uploads\/2016\/05\/Iris-FB-Foto-71x71.jpg 71w, https:\/\/derdivan.at\/wp-content\/uploads\/2016\/05\/Iris-FB-Foto-125x125.jpg 125w\" sizes=\"(max-width: 480px) 100vw, 480px\" \/><\/figure><div class=\"wp-block-media-text__content\">\n<p><strong>Mag. Iris Ebner<\/strong><\/p>\n\n\n\n<p>geb.1972 in Klagenfurt. Diplomierte&nbsp;Dolmetscherin und \u00dcbersetzerin (Italienisch\/Deutsch), studierte im Nebenfach Instrumentalp\u00e4dagogik, Geschichte und Romanistik.&nbsp;L\u00e4ngere Aufenthalte in Italien, Frankreich und der Schweiz. Vielf\u00e4ltige und langj\u00e4hrige Unterrichtserfahrung, seit 2009 hauptberuflich Deutschtrainerin (bfi Wien, update training, \u00d6OG, Sprachenstudio Wien),&nbsp;\u00d6IF-zertifiziert f\u00fcr Integrationskurse, AMS-Trainings f\u00fcr Jugendliche und Erwachsene, \u00d6SD-Pr\u00fcfungsvorbereitung, Firmenkurse, Deutsch f\u00fcr Pflegeberufe<\/p>\n<\/div><\/div>\n","protected":false},"excerpt":{"rendered":"<p>Mag. Iris Ebner geb.1972 in Klagenfurt. Diplomierte&nbsp;Dolmetscherin und \u00dcbersetzerin (Italienisch\/Deutsch), studierte im Nebenfach Instrumentalp\u00e4dagogik, Geschichte und Romanistik.&nbsp;L\u00e4ngere Aufenthalte in Italien, Frankreich und der Schweiz. Vielf\u00e4ltige und langj\u00e4hrige Unterrichtserfahrung, seit 2009 hauptberuflich Deutschtrainerin (bfi Wien, update training, \u00d6OG, Sprachenstudio Wien),&nbsp;\u00d6IF-zertifiziert f\u00fcr<\/p>\n","protected":false},"author":1,"featured_media":0,"parent":0,"menu_order":0,"comment_status":"closed","ping_status":"closed","template":"","meta":{"footnotes":""},"class_list":["post-617","page","type-page","status-publish","hentry"],"_links":{"self":[{"href":"https:\/\/derdivan.at\/index.php?rest_route=\/wp\/v2\/pages\/617"}],"collection":[{"href":"https:\/\/derdivan.at\/index.php?rest_route=\/wp\/v2\/pages"}],"about":[{"href":"https:\/\/derdivan.at\/index.php?rest_route=\/wp\/v2\/types\/page"}],"author":[{"embeddable":true,"href":"https:\/\/derdivan.at\/index.php?rest_route=\/wp\/v2\/users\/1"}],"replies":[{"embeddable":true,"href":"https:\/\/derdivan.at\/index.php?rest_route=%2Fwp%2Fv2%2Fcomments&post=617"}],"version-history":[{"count":8,"href":"https:\/\/derdivan.at\/index.php?rest_route=\/wp\/v2\/pages\/617\/revisions"}],"predecessor-version":[{"id":1179,"href":"https:\/\/derdivan.at\/index.php?rest_route=\/wp\/v2\/pages\/617\/revisions\/1179"}],"wp:attachment":[{"href":"https:\/\/derdivan.at\/index.php?rest_route=%2Fwp%2Fv2%2Fmedia&parent=617"}],"curies":[{"name":"wp","href":"https:\/\/api.w.org\/{rel}","templated":true}]}}