{"id":1095,"date":"2025-02-04T14:42:46","date_gmt":"2025-02-04T13:42:46","guid":{"rendered":"http:\/\/derdivan.at\/?page_id=1095"},"modified":"2025-04-26T15:59:27","modified_gmt":"2025-04-26T14:59:27","slug":"deutsch-lernen-im-divan-2","status":"publish","type":"page","link":"https:\/\/derdivan.at\/?page_id=1095&lang=de","title":{"rendered":"Deutsch lernen im DIVAN"},"content":{"rendered":"\n<p>KundInnen des <em>DIVAN<\/em> erhalten nach einem ausf\u00fchrlichen Einstiegsgespr\u00e4ch, das neben dem aktuellen Sprachstatus auch Lebenshintergr\u00fcnde, soziale Dimension und Interessenschwerpunkte mitber\u00fccksichtigt, ein ma\u00dfgeschneidertes Angebot.<\/p>\n\n\n\n<p>Die partnerschaftliche Grundhaltung \u2013 wesentliches Kennzeichen des <em>DIVAN<\/em> \u2013 pr\u00e4gt auch den methodisch-didaktischen Zugang: Im Einzel- oder Kleinstgruppen-Setting wird hier Deutsch auf s\u00e4mtlichen Sprachniveaus gem\u00e4\u00df GER (Fremdsprachen-Richtlinien des Europarates, A1 bis C2) lebensnah vermittelt.<\/p>\n\n\n\n<p>Pr\u00fcfungsvorbereitungen f\u00fcr einschl\u00e4gige Formate (\u00d6SD, Aufnahmepr\u00fcfungen) sind selbstverst\u00e4ndlich Teil des Kursprogramms; f\u00fcr Aufnahmepr\u00fcfungen, etwa an Einrichtungen des terti\u00e4ren Bildungssektors, gibt es Einzelcoaching.<\/p>\n\n\n\n<p><em>DER DIVAN<\/em> bietet seine Dienstleistungen im B2B- wie auch B2C-Bereich an; spezielle Zielgruppen sind <em>expatriates<\/em>, internationale Fachkr\u00e4fte und Studierende<\/p>\n\n\n\n<p>\u00a0(Weitere Informationen zu B2C bzw gef\u00f6rderten Kursen finden Sie hier: <a href=\"http:\/\/derdivan.at\/?page_id=624&amp;lang=de\" target=\"_blank\" rel=\"noopener\">Deutsch f\u00fcr Firmenkundinnen<\/a>)<\/p>\n\n\n<div class=\"wp-block-image\">\n<figure class=\"aligncenter\"><a href=\"http:\/\/derdivan.at\/wp-content\/uploads\/2019\/02\/Kleingruppe-AKTUELL.jpg\"><img loading=\"lazy\" decoding=\"async\" width=\"640\" height=\"480\" src=\"http:\/\/derdivan.at\/wp-content\/uploads\/2019\/02\/Kleingruppe-AKTUELL.jpg\" alt=\"\" class=\"wp-image-1124\" srcset=\"https:\/\/derdivan.at\/wp-content\/uploads\/2019\/02\/Kleingruppe-AKTUELL.jpg 640w, https:\/\/derdivan.at\/wp-content\/uploads\/2019\/02\/Kleingruppe-AKTUELL-300x225.jpg 300w\" sizes=\"(max-width: 640px) 100vw, 640px\" \/><\/a><\/figure><\/div>\n\n\n<p><\/p>\n","protected":false},"excerpt":{"rendered":"<p>KundInnen des DIVAN erhalten nach einem ausf\u00fchrlichen Einstiegsgespr\u00e4ch, das neben dem aktuellen Sprachstatus auch Lebenshintergr\u00fcnde, soziale Dimension und Interessenschwerpunkte mitber\u00fccksichtigt, ein ma\u00dfgeschneidertes Angebot. Die partnerschaftliche Grundhaltung \u2013 wesentliches Kennzeichen des DIVAN \u2013 pr\u00e4gt auch den methodisch-didaktischen Zugang: Im Einzel- oder<\/p>\n","protected":false},"author":1,"featured_media":1122,"parent":0,"menu_order":0,"comment_status":"closed","ping_status":"closed","template":"","meta":{"footnotes":""},"class_list":["post-1095","page","type-page","status-publish","has-post-thumbnail","hentry"],"_links":{"self":[{"href":"https:\/\/derdivan.at\/index.php?rest_route=\/wp\/v2\/pages\/1095"}],"collection":[{"href":"https:\/\/derdivan.at\/index.php?rest_route=\/wp\/v2\/pages"}],"about":[{"href":"https:\/\/derdivan.at\/index.php?rest_route=\/wp\/v2\/types\/page"}],"author":[{"embeddable":true,"href":"https:\/\/derdivan.at\/index.php?rest_route=\/wp\/v2\/users\/1"}],"replies":[{"embeddable":true,"href":"https:\/\/derdivan.at\/index.php?rest_route=%2Fwp%2Fv2%2Fcomments&post=1095"}],"version-history":[{"count":4,"href":"https:\/\/derdivan.at\/index.php?rest_route=\/wp\/v2\/pages\/1095\/revisions"}],"predecessor-version":[{"id":1165,"href":"https:\/\/derdivan.at\/index.php?rest_route=\/wp\/v2\/pages\/1095\/revisions\/1165"}],"wp:featuredmedia":[{"embeddable":true,"href":"https:\/\/derdivan.at\/index.php?rest_route=\/wp\/v2\/media\/1122"}],"wp:attachment":[{"href":"https:\/\/derdivan.at\/index.php?rest_route=%2Fwp%2Fv2%2Fmedia&parent=1095"}],"curies":[{"name":"wp","href":"https:\/\/api.w.org\/{rel}","templated":true}]}}